{"id":848,"date":"2024-05-27T10:24:24","date_gmt":"2024-05-27T08:24:24","guid":{"rendered":"https:\/\/gyermeksebeszet.hu\/?page_id=848"},"modified":"2025-01-25T11:32:57","modified_gmt":"2025-01-25T10:32:57","slug":"gyermeksebeszeti-blog","status":"publish","type":"page","link":"https:\/\/gyermeksebeszet.hu\/en\/gyermeksebeszeti-blog\/","title":{"rendered":"Blog"},"content":{"rendered":"<div data-elementor-type=\"wp-page\" data-elementor-id=\"848\" class=\"elementor elementor-848\" data-elementor-post-type=\"page\">\n\t\t\t\t\t\t<section class=\"elementor-section elementor-top-section elementor-element elementor-element-0322a52 elementor-section-boxed elementor-section-height-default elementor-section-height-default\" data-id=\"0322a52\" data-element_type=\"section\">\n\t\t\t\t\t\t<div class=\"elementor-container elementor-column-gap-default\">\n\t\t\t\t\t<div class=\"elementor-column elementor-col-100 elementor-top-column elementor-element elementor-element-4aa2e8b\" data-id=\"4aa2e8b\" data-element_type=\"column\">\n\t\t\t<div class=\"elementor-widget-wrap elementor-element-populated\">\n\t\t\t\t\t\t<div class=\"elementor-element elementor-element-e31bc5d elementor-widget elementor-widget-heading\" data-id=\"e31bc5d\" data-element_type=\"widget\" data-widget_type=\"heading.default\">\n\t\t\t\t<div class=\"elementor-widget-container\">\n\t\t\t\t\t<h2 class=\"elementor-heading-title elementor-size-default\">Dr. Sasi Szab\u00f3 L\u00e1szl\u00f3 gyermekseb\u00e9sz f\u0151orvos blogja<\/h2>\t\t\t\t<\/div>\n\t\t\t\t<\/div>\n\t\t\t\t\t<\/div>\n\t\t<\/div>\n\t\t\t\t\t<\/div>\n\t\t<\/section>\n\t\t\t\t<section class=\"elementor-section elementor-top-section elementor-element elementor-element-f98d7f9 elementor-section-boxed elementor-section-height-default elementor-section-height-default\" data-id=\"f98d7f9\" data-element_type=\"section\">\n\t\t\t\t\t\t<div class=\"elementor-container elementor-column-gap-default\">\n\t\t\t\t\t<div class=\"elementor-column elementor-col-100 elementor-top-column elementor-element elementor-element-9775a4a\" data-id=\"9775a4a\" data-element_type=\"column\">\n\t\t\t<div class=\"elementor-widget-wrap elementor-element-populated\">\n\t\t\t\t\t\t<div class=\"elementor-element elementor-element-3b0c276 elementor-widget elementor-widget-text-editor\" data-id=\"3b0c276\" data-element_type=\"widget\" data-widget_type=\"text-editor.default\">\n\t\t\t\t<div class=\"elementor-widget-container\">\n\t\t\t\t\t\t\t\t\t<p>Dr. Sasi Szab\u00f3 L\u00e1szl\u00f3 vagyok, gyermekseb\u00e9sz f\u0151orvos.<\/p><p>\u00dcdv\u00f6zl\u00f6m a blogomon, ahol a gyermekseb\u00e9szet vil\u00e1g\u00e1r\u00f3l, a modern orvosi megold\u00e1sokr\u00f3l \u00e9s a sz\u00fcl\u0151k sz\u00e1m\u00e1ra legfontosabb k\u00e9rd\u00e9sekr\u0151l olvashat hasznos tartalmakat! C\u00e9lom, hogy \u00e9rthet\u0151 \u00e9s megb\u00edzhat\u00f3 inform\u00e1ci\u00f3kkal seg\u00edtsem \u00d6nt, hogy k\u00f6nnyebben eligazodhasson gyermeke eg\u00e9szs\u00e9g\u00e9vel kapcsolatos d\u00f6nt\u00e9sekben. Itt nemcsak a minim\u00e1lisan invaz\u00edv (kulcslyuk) seb\u00e9szet el\u0151nyeir\u0151l, hanem a leggyakoribb gyermekseb\u00e9szeti probl\u00e9m\u00e1k kezel\u00e9s\u00e9r\u0151l, a m\u0171t\u00e9t el\u0151tti \u00e9s ut\u00e1ni teend\u0151kr\u0151l, valamint a gy\u00f3gyul\u00e1si folyamat t\u00e1mogat\u00e1s\u00e1r\u00f3l is olvashat. B\u00f6ng\u00e9sszen cikkeim k\u00f6z\u00f6tt, \u00e9s tal\u00e1lja meg a v\u00e1laszokat, amelyek megnyugv\u00e1st \u00e9s biztons\u00e1got ny\u00fajtanak!<\/p><p>Ha k\u00e9rd\u00e9se van, vagy tov\u00e1bbi gyermekseb\u00e9szeti seg\u00edts\u00e9gre van sz\u00fcks\u00e9ge, keressen bizalommal a <a href=\"https:\/\/gyermeksebeszet.hu\/en\/kapcsolat\/\" target=\"_new\" rel=\"noopener\">kapcsolati oldalon<\/a>, vagy foglaljon id\u0151pontot egyszer\u0171en a <a href=\"https:\/\/medicall.cc\/idopontfoglalas\/prestigehospital\/doctors?specializationId=50939\" target=\"_new\" rel=\"noopener\">Prestige Mag\u00e1nk\u00f3rh\u00e1z rendszer\u00e9ben<\/a>!<\/p>\t\t\t\t\t\t\t\t<\/div>\n\t\t\t\t<\/div>\n\t\t\t\t\t<\/div>\n\t\t<\/div>\n\t\t\t\t\t<\/div>\n\t\t<\/section>\n\t\t\t\t<section class=\"elementor-section elementor-top-section elementor-element elementor-element-fc7e397 elementor-section-boxed elementor-section-height-default elementor-section-height-default\" data-id=\"fc7e397\" data-element_type=\"section\">\n\t\t\t\t\t\t<div class=\"elementor-container elementor-column-gap-default\">\n\t\t\t\t\t<div class=\"elementor-column elementor-col-16 elementor-top-column elementor-element elementor-element-f29c5bd\" data-id=\"f29c5bd\" data-element_type=\"column\">\n\t\t\t<div class=\"elementor-widget-wrap\">\n\t\t\t\t\t\t\t<\/div>\n\t\t<\/div>\n\t\t\t\t<div class=\"elementor-column elementor-col-66 elementor-top-column elementor-element elementor-element-f81bde1\" data-id=\"f81bde1\" data-element_type=\"column\">\n\t\t\t<div class=\"elementor-widget-wrap elementor-element-populated\">\n\t\t\t\t\t\t<div class=\"elementor-element elementor-element-2907550 elementor-widget elementor-widget-image\" data-id=\"2907550\" data-element_type=\"widget\" data-widget_type=\"image.default\">\n\t\t\t\t<div class=\"elementor-widget-container\">\n\t\t\t\t\t\t\t\t\t\t\t\t\t\t\t<img fetchpriority=\"high\" decoding=\"async\" width=\"700\" height=\"350\" src=\"https:\/\/gyermeksebeszet.hu\/wp-content\/uploads\/2024\/11\/gyermeksebeszeti-blog-700x350.webp\" class=\"attachment-medium size-medium wp-image-983\" alt=\"Gyermekseb\u00e9szeti blog\" srcset=\"https:\/\/gyermeksebeszet.hu\/wp-content\/uploads\/2024\/11\/gyermeksebeszeti-blog-700x350.webp 700w, https:\/\/gyermeksebeszet.hu\/wp-content\/uploads\/2024\/11\/gyermeksebeszeti-blog-1024x512.webp 1024w, https:\/\/gyermeksebeszet.hu\/wp-content\/uploads\/2024\/11\/gyermeksebeszeti-blog-768x384.webp 768w, https:\/\/gyermeksebeszet.hu\/wp-content\/uploads\/2024\/11\/gyermeksebeszeti-blog-18x9.webp 18w, https:\/\/gyermeksebeszet.hu\/wp-content\/uploads\/2024\/11\/gyermeksebeszeti-blog.webp 1200w\" sizes=\"(max-width: 700px) 100vw, 700px\" \/>\t\t\t\t\t\t\t\t\t\t\t\t\t\t\t<\/div>\n\t\t\t\t<\/div>\n\t\t\t\t\t<\/div>\n\t\t<\/div>\n\t\t\t\t<div class=\"elementor-column elementor-col-16 elementor-top-column elementor-element elementor-element-cf54d1e\" data-id=\"cf54d1e\" data-element_type=\"column\">\n\t\t\t<div class=\"elementor-widget-wrap\">\n\t\t\t\t\t\t\t<\/div>\n\t\t<\/div>\n\t\t\t\t\t<\/div>\n\t\t<\/section>\n\t\t\t\t<section class=\"elementor-section elementor-top-section elementor-element elementor-element-4099114d elementor-section-boxed elementor-section-height-default elementor-section-height-default\" data-id=\"4099114d\" data-element_type=\"section\">\n\t\t\t\t\t\t<div class=\"elementor-container elementor-column-gap-default\">\n\t\t\t\t\t<div class=\"elementor-column elementor-col-100 elementor-top-column elementor-element elementor-element-e698571\" data-id=\"e698571\" data-element_type=\"column\">\n\t\t\t<div class=\"elementor-widget-wrap elementor-element-populated\">\n\t\t\t\t\t\t<div class=\"elementor-element elementor-element-4eccd158 elementor-widget elementor-widget-heading\" data-id=\"4eccd158\" data-element_type=\"widget\" data-widget_type=\"heading.default\">\n\t\t\t\t<div class=\"elementor-widget-container\">\n\t\t\t\t\t<h2 class=\"elementor-heading-title elementor-size-default\">Legfrissebb \u00edr\u00e1som<\/h2>\t\t\t\t<\/div>\n\t\t\t\t<\/div>\n\t\t\t\t<div class=\"elementor-element elementor-element-3c983fc3 elementor-widget-divider--view-line elementor-widget elementor-widget-divider\" data-id=\"3c983fc3\" data-element_type=\"widget\" data-widget_type=\"divider.default\">\n\t\t\t\t<div class=\"elementor-widget-container\">\n\t\t\t\t\t\t\t<div class=\"elementor-divider\">\n\t\t\t<span class=\"elementor-divider-separator\">\n\t\t\t\t\t\t<\/span>\n\t\t<\/div>\n\t\t\t\t\t\t<\/div>\n\t\t\t\t<\/div>\n\t\t\t\t<div class=\"elementor-element elementor-element-57425477 elementor-grid-1 elementor-posts--align-center elementor-grid-tablet-2 elementor-grid-mobile-1 elementor-posts--thumbnail-top elementor-posts--show-avatar elementor-card-shadow-yes elementor-posts__hover-gradient elementor-widget elementor-widget-posts\" data-id=\"57425477\" data-element_type=\"widget\" data-settings=\"{&quot;cards_columns&quot;:&quot;1&quot;,&quot;cards_columns_tablet&quot;:&quot;2&quot;,&quot;cards_columns_mobile&quot;:&quot;1&quot;,&quot;cards_row_gap&quot;:{&quot;unit&quot;:&quot;px&quot;,&quot;size&quot;:35,&quot;sizes&quot;:[]},&quot;cards_row_gap_laptop&quot;:{&quot;unit&quot;:&quot;px&quot;,&quot;size&quot;:&quot;&quot;,&quot;sizes&quot;:[]},&quot;cards_row_gap_tablet&quot;:{&quot;unit&quot;:&quot;px&quot;,&quot;size&quot;:&quot;&quot;,&quot;sizes&quot;:[]},&quot;cards_row_gap_mobile&quot;:{&quot;unit&quot;:&quot;px&quot;,&quot;size&quot;:&quot;&quot;,&quot;sizes&quot;:[]}}\" data-widget_type=\"posts.cards\">\n\t\t\t\t<div class=\"elementor-widget-container\">\n\t\t\t\t\t\t\t<div class=\"elementor-posts-container elementor-posts elementor-posts--skin-cards elementor-grid\" role=\"list\">\n\t\t\t\t<article class=\"elementor-post elementor-grid-item post-1053 post type-post status-publish format-standard has-post-thumbnail hentry category-gyermeksebeszet tag-rejtett-here-es-hereleszallasi-zavarok\" role=\"listitem\">\n\t\t\t<div class=\"elementor-post__card\">\n\t\t\t\t<a class=\"elementor-post__thumbnail__link\" href=\"https:\/\/gyermeksebeszet.hu\/en\/rejtett-here-es-hereleszallasi-zavarok-kezelese\/\" tabindex=\"-1\"><div class=\"elementor-post__thumbnail\"><img decoding=\"async\" width=\"700\" height=\"467\" src=\"https:\/\/gyermeksebeszet.hu\/wp-content\/uploads\/2025\/01\/rejtett-here-700x467.webp\" class=\"attachment-medium size-medium wp-image-1054\" alt=\"Rejtett here\" srcset=\"https:\/\/gyermeksebeszet.hu\/wp-content\/uploads\/2025\/01\/rejtett-here-700x467.webp 700w, https:\/\/gyermeksebeszet.hu\/wp-content\/uploads\/2025\/01\/rejtett-here-1024x683.webp 1024w, https:\/\/gyermeksebeszet.hu\/wp-content\/uploads\/2025\/01\/rejtett-here-768x512.webp 768w, https:\/\/gyermeksebeszet.hu\/wp-content\/uploads\/2025\/01\/rejtett-here-18x12.webp 18w, https:\/\/gyermeksebeszet.hu\/wp-content\/uploads\/2025\/01\/rejtett-here.webp 1200w\" sizes=\"(max-width: 700px) 100vw, 700px\" \/><\/div><\/a>\n\t\t\t\t<div class=\"elementor-post__badge\">gyermekseb\u00e9szet<\/div>\n\t\t\t\t<div class=\"elementor-post__avatar\">\n\t\t\t<img alt='Dr. Sasi Szab\u00f3 L\u00e1szl\u00f3' src='https:\/\/secure.gravatar.com\/avatar\/dd4a139cee8fb7ca1d576413891a1d942a9d3f56a89f72d1a37883fdc88876e8?s=128&#038;d=mm&#038;r=g' srcset='https:\/\/secure.gravatar.com\/avatar\/dd4a139cee8fb7ca1d576413891a1d942a9d3f56a89f72d1a37883fdc88876e8?s=256&#038;d=mm&#038;r=g 2x' class='avatar avatar-128 photo' height='128' width='128' \/>\t\t<\/div>\n\t\t\t\t<div class=\"elementor-post__text\">\n\t\t\t\t<h3 class=\"elementor-post__title\">\n\t\t\t<a href=\"https:\/\/gyermeksebeszet.hu\/en\/rejtett-here-es-hereleszallasi-zavarok-kezelese\/\">\n\t\t\t\tRejtett here: 7 megd\u00f6bbent\u0151 t\u00e9ny, amit tudnod kell r\u00f3la\t\t\t<\/a>\n\t\t<\/h3>\n\t\t\t\t<div class=\"elementor-post__excerpt\">\n\t\t\t<p>Agg\u00f3dik gyermeke miatt? A rejtett here s\u00falyos k\u00f6vetkezm\u00e9nyekkel j\u00e1rhat, ha nem kezelik id\u0151ben! Ismerje meg a t\u00fcneteket \u00e9s a kezel\u00e9si lehet\u0151s\u00e9geket most azonnal!<\/p>\n\t\t<\/div>\n\t\t\t\t<\/div>\n\t\t\t\t\t<\/div>\n\t\t<\/article>\n\t\t\t\t<\/div>\n\t\t\n\t\t\t\t\t\t<\/div>\n\t\t\t\t<\/div>\n\t\t\t\t\t<\/div>\n\t\t<\/div>\n\t\t\t\t\t<\/div>\n\t\t<\/section>\n\t\t\t\t<section class=\"elementor-section elementor-top-section elementor-element elementor-element-7e72e51 elementor-section-boxed elementor-section-height-default elementor-section-height-default\" data-id=\"7e72e51\" data-element_type=\"section\">\n\t\t\t\t\t\t<div class=\"elementor-container elementor-column-gap-default\">\n\t\t\t\t\t<div class=\"elementor-column elementor-col-100 elementor-top-column elementor-element elementor-element-0cacbfd\" data-id=\"0cacbfd\" data-element_type=\"column\">\n\t\t\t<div class=\"elementor-widget-wrap elementor-element-populated\">\n\t\t\t\t\t\t<div class=\"elementor-element elementor-element-8995b5f elementor-widget elementor-widget-heading\" data-id=\"8995b5f\" data-element_type=\"widget\" data-widget_type=\"heading.default\">\n\t\t\t\t<div class=\"elementor-widget-container\">\n\t\t\t\t\t<h2 class=\"elementor-heading-title elementor-size-default\">Hasonl\u00f3 cikkek<\/h2>\t\t\t\t<\/div>\n\t\t\t\t<\/div>\n\t\t\t\t<div class=\"elementor-element elementor-element-526c45a elementor-widget-divider--view-line elementor-widget elementor-widget-divider\" data-id=\"526c45a\" data-element_type=\"widget\" data-widget_type=\"divider.default\">\n\t\t\t\t<div class=\"elementor-widget-container\">\n\t\t\t\t\t\t\t<div class=\"elementor-divider\">\n\t\t\t<span class=\"elementor-divider-separator\">\n\t\t\t\t\t\t<\/span>\n\t\t<\/div>\n\t\t\t\t\t\t<\/div>\n\t\t\t\t<\/div>\n\t\t\t\t<div class=\"elementor-element elementor-element-e721e27 elementor-posts--align-center elementor-grid-3 elementor-grid-tablet-2 elementor-grid-mobile-1 elementor-posts--thumbnail-top elementor-posts--show-avatar elementor-card-shadow-yes elementor-posts__hover-gradient elementor-widget elementor-widget-posts\" data-id=\"e721e27\" data-element_type=\"widget\" data-settings=\"{&quot;pagination_type&quot;:&quot;numbers&quot;,&quot;cards_row_gap&quot;:{&quot;unit&quot;:&quot;px&quot;,&quot;size&quot;:25,&quot;sizes&quot;:[]},&quot;cards_columns&quot;:&quot;3&quot;,&quot;cards_columns_tablet&quot;:&quot;2&quot;,&quot;cards_columns_mobile&quot;:&quot;1&quot;,&quot;cards_row_gap_laptop&quot;:{&quot;unit&quot;:&quot;px&quot;,&quot;size&quot;:&quot;&quot;,&quot;sizes&quot;:[]},&quot;cards_row_gap_tablet&quot;:{&quot;unit&quot;:&quot;px&quot;,&quot;size&quot;:&quot;&quot;,&quot;sizes&quot;:[]},&quot;cards_row_gap_mobile&quot;:{&quot;unit&quot;:&quot;px&quot;,&quot;size&quot;:&quot;&quot;,&quot;sizes&quot;:[]}}\" data-widget_type=\"posts.cards\">\n\t\t\t\t<div class=\"elementor-widget-container\">\n\t\t\t\t\t\t\t<div class=\"elementor-posts-container elementor-posts elementor-posts--skin-cards elementor-grid\" role=\"list\">\n\t\t\t\t<article class=\"elementor-post elementor-grid-item post-1053 post type-post status-publish format-standard has-post-thumbnail hentry category-gyermeksebeszet tag-rejtett-here-es-hereleszallasi-zavarok\" role=\"listitem\">\n\t\t\t<div class=\"elementor-post__card\">\n\t\t\t\t<a class=\"elementor-post__thumbnail__link\" href=\"https:\/\/gyermeksebeszet.hu\/en\/rejtett-here-es-hereleszallasi-zavarok-kezelese\/\" tabindex=\"-1\"><div class=\"elementor-post__thumbnail\"><img decoding=\"async\" width=\"700\" height=\"467\" src=\"https:\/\/gyermeksebeszet.hu\/wp-content\/uploads\/2025\/01\/rejtett-here-700x467.webp\" class=\"attachment-medium size-medium wp-image-1054\" alt=\"Rejtett here\" srcset=\"https:\/\/gyermeksebeszet.hu\/wp-content\/uploads\/2025\/01\/rejtett-here-700x467.webp 700w, https:\/\/gyermeksebeszet.hu\/wp-content\/uploads\/2025\/01\/rejtett-here-1024x683.webp 1024w, https:\/\/gyermeksebeszet.hu\/wp-content\/uploads\/2025\/01\/rejtett-here-768x512.webp 768w, https:\/\/gyermeksebeszet.hu\/wp-content\/uploads\/2025\/01\/rejtett-here-18x12.webp 18w, https:\/\/gyermeksebeszet.hu\/wp-content\/uploads\/2025\/01\/rejtett-here.webp 1200w\" sizes=\"(max-width: 700px) 100vw, 700px\" \/><\/div><\/a>\n\t\t\t\t<div class=\"elementor-post__badge\">gyermekseb\u00e9szet<\/div>\n\t\t\t\t<div class=\"elementor-post__avatar\">\n\t\t\t<img alt='Dr. Sasi Szab\u00f3 L\u00e1szl\u00f3' src='https:\/\/secure.gravatar.com\/avatar\/dd4a139cee8fb7ca1d576413891a1d942a9d3f56a89f72d1a37883fdc88876e8?s=128&#038;d=mm&#038;r=g' srcset='https:\/\/secure.gravatar.com\/avatar\/dd4a139cee8fb7ca1d576413891a1d942a9d3f56a89f72d1a37883fdc88876e8?s=256&#038;d=mm&#038;r=g 2x' class='avatar avatar-128 photo' height='128' width='128' \/>\t\t<\/div>\n\t\t\t\t<div class=\"elementor-post__text\">\n\t\t\t\t<h3 class=\"elementor-post__title\">\n\t\t\t<a href=\"https:\/\/gyermeksebeszet.hu\/en\/rejtett-here-es-hereleszallasi-zavarok-kezelese\/\">\n\t\t\t\tRejtett here: 7 megd\u00f6bbent\u0151 t\u00e9ny, amit tudnod kell r\u00f3la\t\t\t<\/a>\n\t\t<\/h3>\n\t\t\t\t<div class=\"elementor-post__excerpt\">\n\t\t\t<p>Agg\u00f3dik gyermeke miatt? A rejtett here s\u00falyos k\u00f6vetkezm\u00e9nyekkel j\u00e1rhat, ha nem kezelik id\u0151ben! Ismerje meg a t\u00fcneteket \u00e9s a kezel\u00e9si lehet\u0151s\u00e9geket most azonnal!<\/p>\n\t\t<\/div>\n\t\t\t\t<\/div>\n\t\t\t\t\t<\/div>\n\t\t<\/article>\n\t\t\t\t<article class=\"elementor-post elementor-grid-item post-1032 post type-post status-publish format-standard has-post-thumbnail hentry category-vizserv tag-gyermeksebeszet\" role=\"listitem\">\n\t\t\t<div class=\"elementor-post__card\">\n\t\t\t\t<a class=\"elementor-post__thumbnail__link\" href=\"https:\/\/gyermeksebeszet.hu\/en\/vizserv\/\" tabindex=\"-1\"><div class=\"elementor-post__thumbnail\"><img decoding=\"async\" width=\"700\" height=\"313\" src=\"https:\/\/gyermeksebeszet.hu\/wp-content\/uploads\/2025\/01\/vizserv-700x313.webp\" class=\"attachment-medium size-medium wp-image-1033\" alt=\"V\u00edzs\u00e9rv\" srcset=\"https:\/\/gyermeksebeszet.hu\/wp-content\/uploads\/2025\/01\/vizserv-700x313.webp 700w, https:\/\/gyermeksebeszet.hu\/wp-content\/uploads\/2025\/01\/vizserv-1024x458.webp 1024w, https:\/\/gyermeksebeszet.hu\/wp-content\/uploads\/2025\/01\/vizserv-768x344.webp 768w, https:\/\/gyermeksebeszet.hu\/wp-content\/uploads\/2025\/01\/vizserv-18x8.webp 18w, https:\/\/gyermeksebeszet.hu\/wp-content\/uploads\/2025\/01\/vizserv.webp 1200w\" sizes=\"(max-width: 700px) 100vw, 700px\" \/><\/div><\/a>\n\t\t\t\t<div class=\"elementor-post__badge\">Hydrocele<\/div>\n\t\t\t\t<div class=\"elementor-post__avatar\">\n\t\t\t<img alt='Dr. Sasi Szab\u00f3 L\u00e1szl\u00f3' src='https:\/\/secure.gravatar.com\/avatar\/dd4a139cee8fb7ca1d576413891a1d942a9d3f56a89f72d1a37883fdc88876e8?s=128&#038;d=mm&#038;r=g' srcset='https:\/\/secure.gravatar.com\/avatar\/dd4a139cee8fb7ca1d576413891a1d942a9d3f56a89f72d1a37883fdc88876e8?s=256&#038;d=mm&#038;r=g 2x' class='avatar avatar-128 photo' height='128' width='128' \/>\t\t<\/div>\n\t\t\t\t<div class=\"elementor-post__text\">\n\t\t\t\t<h3 class=\"elementor-post__title\">\n\t\t\t<a href=\"https:\/\/gyermeksebeszet.hu\/en\/vizserv\/\">\n\t\t\t\tV\u00edzs\u00e9rv: 5 meglep\u0151 t\u00fcnet, amire figyelj oda!\t\t\t<\/a>\n\t\t<\/h3>\n\t\t\t\t<div class=\"elementor-post__excerpt\">\n\t\t\t<p>V\u00edzs\u00e9rv figyelmeztet\u0151 jelei: 5 meglep\u0151 t\u00fcnet, amit nem szabad figyelmen k\u00edv\u00fcl hagyni. Tudj meg t\u00f6bbet a diagn\u00f3zisr\u00f3l \u00e9s a kezel\u00e9si lehet\u0151s\u00e9gekr\u0151l gyermekekn\u00e9l.<\/p>\n\t\t<\/div>\n\t\t\t\t<\/div>\n\t\t\t\t\t<\/div>\n\t\t<\/article>\n\t\t\t\t<article class=\"elementor-post elementor-grid-item post-1004 post type-post status-publish format-standard has-post-thumbnail hentry category-koldokserv tag-koldokserv\" role=\"listitem\">\n\t\t\t<div class=\"elementor-post__card\">\n\t\t\t\t<a class=\"elementor-post__thumbnail__link\" href=\"https:\/\/gyermeksebeszet.hu\/en\/koldokserv\/\" tabindex=\"-1\"><div class=\"elementor-post__thumbnail\"><img loading=\"lazy\" decoding=\"async\" width=\"700\" height=\"467\" src=\"https:\/\/gyermeksebeszet.hu\/wp-content\/uploads\/2025\/01\/koldokserv-700x467.webp\" class=\"attachment-medium size-medium wp-image-1006\" alt=\"K\u00f6ld\u00f6ks\u00e9rv\" srcset=\"https:\/\/gyermeksebeszet.hu\/wp-content\/uploads\/2025\/01\/koldokserv-700x467.webp 700w, https:\/\/gyermeksebeszet.hu\/wp-content\/uploads\/2025\/01\/koldokserv-1024x683.webp 1024w, https:\/\/gyermeksebeszet.hu\/wp-content\/uploads\/2025\/01\/koldokserv-768x512.webp 768w, https:\/\/gyermeksebeszet.hu\/wp-content\/uploads\/2025\/01\/koldokserv-18x12.webp 18w, https:\/\/gyermeksebeszet.hu\/wp-content\/uploads\/2025\/01\/koldokserv.webp 1200w\" sizes=\"(max-width: 700px) 100vw, 700px\" \/><\/div><\/a>\n\t\t\t\t<div class=\"elementor-post__badge\">Umbilical hernia<\/div>\n\t\t\t\t<div class=\"elementor-post__avatar\">\n\t\t\t<img alt='Dr. Sasi Szab\u00f3 L\u00e1szl\u00f3' src='https:\/\/secure.gravatar.com\/avatar\/dd4a139cee8fb7ca1d576413891a1d942a9d3f56a89f72d1a37883fdc88876e8?s=128&#038;d=mm&#038;r=g' srcset='https:\/\/secure.gravatar.com\/avatar\/dd4a139cee8fb7ca1d576413891a1d942a9d3f56a89f72d1a37883fdc88876e8?s=256&#038;d=mm&#038;r=g 2x' class='avatar avatar-128 photo' height='128' width='128' \/>\t\t<\/div>\n\t\t\t\t<div class=\"elementor-post__text\">\n\t\t\t\t<h3 class=\"elementor-post__title\">\n\t\t\t<a href=\"https:\/\/gyermeksebeszet.hu\/en\/koldokserv\/\">\n\t\t\t\tGyermekkori K\u00f6ld\u00f6ks\u00e9rv \u00e9s V\u00e1lad\u00e9koz\u00f3 K\u00f6ld\u00f6k \u2013 Amit Minden Sz\u00fcl\u0151nek Tudnia Kell\t\t\t<\/a>\n\t\t<\/h3>\n\t\t\t\t<div class=\"elementor-post__excerpt\">\n\t\t\t<p>Agg\u00f3dsz gyermeked k\u00f6ld\u00f6ks\u00e9rv\u00e9nek kezel\u00e9se miatt? Ismerj meg minden fontos tudnival\u00f3t a t\u00fcnetekr\u0151l, kezel\u00e9si lehet\u0151s\u00e9gekr\u0151l \u00e9s a m\u0171t\u00e9ti beavatkoz\u00e1sokr\u00f3l!<\/p>\n\t\t<\/div>\n\t\t\t\t<\/div>\n\t\t\t\t\t<\/div>\n\t\t<\/article>\n\t\t\t\t<article class=\"elementor-post elementor-grid-item post-917 post type-post status-publish format-standard has-post-thumbnail hentry category-lagyekserv-gyermeksebeszet tag-lagyekserv\" role=\"listitem\">\n\t\t\t<div class=\"elementor-post__card\">\n\t\t\t\t<a class=\"elementor-post__thumbnail__link\" href=\"https:\/\/gyermeksebeszet.hu\/en\/lagyekserv-gyermekeknel\/\" tabindex=\"-1\"><div class=\"elementor-post__thumbnail\"><img loading=\"lazy\" decoding=\"async\" width=\"700\" height=\"343\" src=\"https:\/\/gyermeksebeszet.hu\/wp-content\/uploads\/2024\/11\/lagyekserv-vizsgalat-700x343.webp\" class=\"attachment-medium size-medium wp-image-920\" alt=\"L\u00e1gy\u00e9ks\u00e9rv betegs\u00e9gr\u0151l t\u00e1j\u00e9koztatja az orvos a sz\u00fcl\u0151ket\" srcset=\"https:\/\/gyermeksebeszet.hu\/wp-content\/uploads\/2024\/11\/lagyekserv-vizsgalat-700x343.webp 700w, https:\/\/gyermeksebeszet.hu\/wp-content\/uploads\/2024\/11\/lagyekserv-vizsgalat-1024x502.webp 1024w, https:\/\/gyermeksebeszet.hu\/wp-content\/uploads\/2024\/11\/lagyekserv-vizsgalat-768x376.webp 768w, https:\/\/gyermeksebeszet.hu\/wp-content\/uploads\/2024\/11\/lagyekserv-vizsgalat-18x9.webp 18w, https:\/\/gyermeksebeszet.hu\/wp-content\/uploads\/2024\/11\/lagyekserv-vizsgalat.webp 1200w\" sizes=\"(max-width: 700px) 100vw, 700px\" \/><\/div><\/a>\n\t\t\t\t<div class=\"elementor-post__badge\">L\u00e1gy\u00e9ks\u00e9rv-gyermekseb\u00e9szet<\/div>\n\t\t\t\t<div class=\"elementor-post__avatar\">\n\t\t\t<img alt='Dr. Sasi Szab\u00f3 L\u00e1szl\u00f3' src='https:\/\/secure.gravatar.com\/avatar\/dd4a139cee8fb7ca1d576413891a1d942a9d3f56a89f72d1a37883fdc88876e8?s=128&#038;d=mm&#038;r=g' srcset='https:\/\/secure.gravatar.com\/avatar\/dd4a139cee8fb7ca1d576413891a1d942a9d3f56a89f72d1a37883fdc88876e8?s=256&#038;d=mm&#038;r=g 2x' class='avatar avatar-128 photo' height='128' width='128' \/>\t\t<\/div>\n\t\t\t\t<div class=\"elementor-post__text\">\n\t\t\t\t<h3 class=\"elementor-post__title\">\n\t\t\t<a href=\"https:\/\/gyermeksebeszet.hu\/en\/lagyekserv-gyermekeknel\/\">\n\t\t\t\tMi az a l\u00e1gy\u00e9ks\u00e9rv, \u00e9s hogyan ismerheted fel gyermekekn\u00e9l?\t\t\t<\/a>\n\t\t<\/h3>\n\t\t\t\t<div class=\"elementor-post__excerpt\">\n\t\t\t<p>Tudjon meg mindent a gyermekekn\u00e9l el\u0151fordul\u00f3 l\u00e1gy\u00e9ks\u00e9rvr\u0151l! T\u00fcnetek, okok, kezel\u00e9s \u00e9s hasznos tan\u00e1csok sz\u00fcl\u0151knek \u2013 k\u00e9rjen seg\u00edts\u00e9get szak\u00e9rt\u0151t\u0151l most! <\/p>\n\t\t<\/div>\n\t\t\t\t<\/div>\n\t\t\t\t\t<\/div>\n\t\t<\/article>\n\t\t\t\t<\/div>\n\t\t\n\t\t\t\t<div class=\"e-load-more-anchor\" data-page=\"1\" data-max-page=\"2\" data-next-page=\"https:\/\/gyermeksebeszet.hu\/en\/wp-json\/wp\/v2\/pages\/848\/page\/2\/\"><\/div>\n\t\t\t\t<nav class=\"elementor-pagination\" aria-label=\"Pagination\">\n\t\t\t<span aria-current=\"page\" class=\"page-numbers current\"><span class=\"elementor-screen-only\">Page<\/span>1<\/span>\n<a class=\"page-numbers\" href=\"https:\/\/gyermeksebeszet.hu\/en\/wp-json\/wp\/v2\/pages\/848\/page\/2\/\"><span class=\"elementor-screen-only\">Page<\/span>2<\/a>\t\t<\/nav>\n\t\t\t\t\t\t<\/div>\n\t\t\t\t<\/div>\n\t\t\t\t\t<\/div>\n\t\t<\/div>\n\t\t\t\t\t<\/div>\n\t\t<\/section>\n\t\t\t\t<\/div>","protected":false},"excerpt":{"rendered":"<p>Megb\u00edzhat\u00f3 inform\u00e1ci\u00f3k \u00e9s tan\u00e1csok sz\u00fcl\u0151knek a gyermekseb\u00e9szetr\u0151l.<\/p>","protected":false},"author":1,"featured_media":851,"parent":0,"menu_order":0,"comment_status":"closed","ping_status":"closed","template":"","meta":{"footnotes":""},"class_list":["post-848","page","type-page","status-publish","has-post-thumbnail","hentry"],"_links":{"self":[{"href":"https:\/\/gyermeksebeszet.hu\/en\/wp-json\/wp\/v2\/pages\/848","targetHints":{"allow":["GET"]}}],"collection":[{"href":"https:\/\/gyermeksebeszet.hu\/en\/wp-json\/wp\/v2\/pages"}],"about":[{"href":"https:\/\/gyermeksebeszet.hu\/en\/wp-json\/wp\/v2\/types\/page"}],"author":[{"embeddable":true,"href":"https:\/\/gyermeksebeszet.hu\/en\/wp-json\/wp\/v2\/users\/1"}],"replies":[{"embeddable":true,"href":"https:\/\/gyermeksebeszet.hu\/en\/wp-json\/wp\/v2\/comments?post=848"}],"version-history":[{"count":36,"href":"https:\/\/gyermeksebeszet.hu\/en\/wp-json\/wp\/v2\/pages\/848\/revisions"}],"predecessor-version":[{"id":1040,"href":"https:\/\/gyermeksebeszet.hu\/en\/wp-json\/wp\/v2\/pages\/848\/revisions\/1040"}],"wp:featuredmedia":[{"embeddable":true,"href":"https:\/\/gyermeksebeszet.hu\/en\/wp-json\/wp\/v2\/media\/851"}],"wp:attachment":[{"href":"https:\/\/gyermeksebeszet.hu\/en\/wp-json\/wp\/v2\/media?parent=848"}],"curies":[{"name":"wp","href":"https:\/\/api.w.org\/{rel}","templated":true}]}}