{"id":12,"date":"2023-07-02T15:04:51","date_gmt":"2023-07-02T13:04:51","guid":{"rendered":"https:\/\/gyermeksebeszet.hu\/?page_id=12"},"modified":"2025-11-19T08:57:16","modified_gmt":"2025-11-19T07:57:16","slug":"dr-sasi-szabo-laszlo","status":"publish","type":"page","link":"https:\/\/gyermeksebeszet.hu\/en\/","title":{"rendered":"Dr. L\u00e1szl\u00f3 Sasi Szab\u00f3"},"content":{"rendered":"<div data-elementor-type=\"wp-page\" data-elementor-id=\"12\" class=\"elementor elementor-12\" data-elementor-post-type=\"page\">\n\t\t\t\t\t\t<section class=\"elementor-section elementor-top-section elementor-element elementor-element-399f16ea elementor-section-full_width elementor-section-content-middle elementor-section-height-default elementor-section-height-default\" data-id=\"399f16ea\" data-element_type=\"section\">\n\t\t\t\t\t\t<div class=\"elementor-container elementor-column-gap-default\">\n\t\t\t\t\t<div class=\"elementor-column elementor-col-100 elementor-top-column elementor-element elementor-element-47976aa2\" data-id=\"47976aa2\" data-element_type=\"column\" data-settings=\"{&quot;background_background&quot;:&quot;classic&quot;}\">\n\t\t\t<div class=\"elementor-widget-wrap elementor-element-populated\">\n\t\t\t\t\t\t<div class=\"elementor-element elementor-element-601dc7b0 elementor--h-position-center elementor--v-position-middle elementor-arrows-position-inside elementor-pagination-position-inside elementor-widget elementor-widget-slides\" data-id=\"601dc7b0\" data-element_type=\"widget\" data-settings=\"{&quot;navigation&quot;:&quot;both&quot;,&quot;autoplay&quot;:&quot;yes&quot;,&quot;pause_on_hover&quot;:&quot;yes&quot;,&quot;pause_on_interaction&quot;:&quot;yes&quot;,&quot;autoplay_speed&quot;:5000,&quot;infinite&quot;:&quot;yes&quot;,&quot;transition&quot;:&quot;slide&quot;,&quot;transition_speed&quot;:500}\" data-widget_type=\"slides.default\">\n\t\t\t\t<div class=\"elementor-widget-container\">\n\t\t\t\t\t\t\t\t\t<div class=\"elementor-swiper\">\n\t\t\t\t\t<div class=\"elementor-slides-wrapper elementor-main-swiper swiper\" role=\"region\" aria-roledescription=\"carousel\" aria-label=\"Di\u00e1k\" dir=\"ltr\" data-animation=\"\">\n\t\t\t\t<div class=\"swiper-wrapper elementor-slides\">\n\t\t\t\t\t\t\t\t\t\t<div class=\"elementor-repeater-item-a17aeab swiper-slide\" role=\"group\" aria-roledescription=\"slide\"><div class=\"swiper-slide-bg\" role=\"img\" aria-label=\"gyermekseb\u00e9sz\"><\/div><div class=\"elementor-background-overlay\"><\/div><div class=\"swiper-slide-inner\" ><div class=\"swiper-slide-contents\"><div class=\"elementor-slide-heading\">Dr. L\u00e1szl\u00f3 Sasi Szab\u00f3 <\/div><div class=\"elementor-slide-description\">f\u0151orvos<\/div><\/div><\/div><\/div><div class=\"elementor-repeater-item-3075c66 swiper-slide\" role=\"group\" aria-roledescription=\"slide\"><div class=\"swiper-slide-bg\" role=\"img\" aria-label=\"gyermekseb\u00e9sz\"><\/div><div class=\"elementor-background-overlay\"><\/div><div class=\"swiper-slide-inner\" ><div class=\"swiper-slide-contents\"><div class=\"elementor-slide-heading\">Dr. L\u00e1szl\u00f3 Sasi Szab\u00f3 <\/div><div class=\"elementor-slide-description\">f\u0151orvos<\/div><\/div><\/div><\/div><div class=\"elementor-repeater-item-8793f3b swiper-slide\" role=\"group\" aria-roledescription=\"slide\"><div class=\"swiper-slide-bg\" role=\"img\" aria-label=\"gyermekseb\u00e9sz\"><\/div><div class=\"elementor-background-overlay\"><\/div><div class=\"swiper-slide-inner\" ><div class=\"swiper-slide-contents\"><div class=\"elementor-slide-heading\">Dr. L\u00e1szl\u00f3 Sasi Szab\u00f3 <\/div><div class=\"elementor-slide-description\">f\u0151orvos<\/div><\/div><\/div><\/div>\t\t\t\t<\/div>\n\t\t\t\t\t\t\t\t\t\t\t\t\t\t\t<div class=\"elementor-swiper-button elementor-swiper-button-prev\" role=\"button\" tabindex=\"0\" aria-label=\"Previous slide\">\n\t\t\t\t\t\t\t<i aria-hidden=\"true\" class=\"eicon-chevron-left\"><\/i>\t\t\t\t\t\t<\/div>\n\t\t\t\t\t\t<div class=\"elementor-swiper-button elementor-swiper-button-next\" role=\"button\" tabindex=\"0\" aria-label=\"Next slide\">\n\t\t\t\t\t\t\t<i aria-hidden=\"true\" class=\"eicon-chevron-right\"><\/i>\t\t\t\t\t\t<\/div>\n\t\t\t\t\t\t\t\t\t\t\t\t\t\t\t\t<div class=\"swiper-pagination\"><\/div>\n\t\t\t\t\t\t\t\t\t\t\t\t<\/div>\n\t\t\t\t<\/div>\n\t\t\t\t\t\t\t\t<\/div>\n\t\t\t\t<\/div>\n\t\t\t\t\t<\/div>\n\t\t<\/div>\n\t\t\t\t\t<\/div>\n\t\t<\/section>\n\t\t\t\t<section class=\"elementor-section elementor-top-section elementor-element elementor-element-7c11b4df elementor-section-full_width elementor-section-height-min-height elementor-section-items-stretch elementor-section-content-middle elementor-reverse-mobile elementor-section-height-default\" data-id=\"7c11b4df\" data-element_type=\"section\">\n\t\t\t\t\t\t<div class=\"elementor-container elementor-column-gap-no\">\n\t\t\t\t\t<div class=\"elementor-column elementor-col-50 elementor-top-column elementor-element elementor-element-7d04cf1c\" data-id=\"7d04cf1c\" data-element_type=\"column\">\n\t\t\t<div class=\"elementor-widget-wrap elementor-element-populated\">\n\t\t\t\t\t\t<div class=\"elementor-element elementor-element-10fe57b3 elementor-widget elementor-widget-text-editor\" data-id=\"10fe57b3\" data-element_type=\"widget\" data-widget_type=\"text-editor.default\">\n\t\t\t\t<div class=\"elementor-widget-container\">\n\t\t\t\t\t\t\t\t\t<h2>I am Dr. L\u00e1szl\u00f3 Sasi Szab\u00f3, surgeon, pediatric surgeon.<\/h2><p>2015-ben kiv\u00e1l\u00f3 min\u0151s\u00edt\u00e9ssel szereztem meg a gyermekseb\u00e9szeti szakk\u00e9pes\u00edt\u00e9semet, \u00e9s 2017 \u00f3ta a Debreceni Egyetem Gyermekklinik\u00e1j\u00e1n vezetem a seb\u00e9szeti team munk\u00e1j\u00e1t. Az elm\u00falt \u00e9vekben sz\u00e1mos neh\u00e9z \u00e9s k\u00fcl\u00f6nleges eset megold\u00e1s\u00e1ban vettem r\u00e9szt, amelyek m\u00e9ly\u00edtett\u00e9k tapasztalatomat \u00e9s elhivatotts\u00e1gomat a gyermekek gy\u00f3gy\u00edt\u00e1sa ir\u00e1nt.<\/p><p>Munk\u00e1m sor\u00e1n kiemelt figyelmet ford\u00edtok a gyermekek \u00e9s csal\u00e1djuk ig\u00e9nyeire. Fontos sz\u00e1momra, hogy a kicsik a lehet\u0151 legk\u00edm\u00e9letesebb ell\u00e1t\u00e1st kapj\u00e1k, amely nemcsak a testi gy\u00f3gyul\u00e1st szolg\u00e1lja, hanem a lelki biztons\u00e1gukat is garant\u00e1lja.<\/p><p>Az orvosl\u00e1s mellett akt\u00edvan r\u00e9szt veszek a tudom\u00e1nyos \u00e9letben is: rendszeresen publik\u00e1lok szakmai foly\u00f3iratokban, \u00e9s el\u0151ad\u00f3k\u00e9nt szerepelek hazai \u00e9s nemzetk\u00f6zi konferenci\u00e1kon.<\/p><p>Szabadid\u0151mben sz\u00edvesen foglalkozom olyan tev\u00e9kenys\u00e9gekkel, amelyek kikapcsolnak \u00e9s felt\u00f6ltenek, p\u00e9ld\u00e1ul sportol\u00e1ssal vagy term\u00e9szetj\u00e1r\u00e1ssal, hogy mindig a legjobb form\u00e1mat hozhassam a munk\u00e1m sor\u00e1n.<\/p>\t\t\t\t\t\t\t\t<\/div>\n\t\t\t\t<\/div>\n\t\t\t\t<div class=\"elementor-element elementor-element-202ea63c elementor-align-center elementor-widget elementor-widget-button\" data-id=\"202ea63c\" data-element_type=\"widget\" data-widget_type=\"button.default\">\n\t\t\t\t<div class=\"elementor-widget-container\">\n\t\t\t\t\t\t\t\t\t<div class=\"elementor-button-wrapper\">\n\t\t\t\t\t<a class=\"elementor-button elementor-button-link elementor-size-sm\" href=\"https:\/\/gyermeksebeszet.hu\/en\/bemutatkozasom\/\">\n\t\t\t\t\t\t<span class=\"elementor-button-content-wrapper\">\n\t\t\t\t\t\t\t\t\t<span class=\"elementor-button-text\">My detailed introduction<\/span>\n\t\t\t\t\t<\/span>\n\t\t\t\t\t<\/a>\n\t\t\t\t<\/div>\n\t\t\t\t\t\t\t\t<\/div>\n\t\t\t\t<\/div>\n\t\t\t\t\t<\/div>\n\t\t<\/div>\n\t\t\t\t<div class=\"elementor-column elementor-col-50 elementor-top-column elementor-element elementor-element-71f0efb7\" data-id=\"71f0efb7\" data-element_type=\"column\" data-settings=\"{&quot;background_background&quot;:&quot;classic&quot;}\">\n\t\t\t<div class=\"elementor-widget-wrap elementor-element-populated\">\n\t\t\t\t\t\t<div class=\"elementor-element elementor-element-47278904 elementor-widget elementor-widget-spacer\" data-id=\"47278904\" data-element_type=\"widget\" data-widget_type=\"spacer.default\">\n\t\t\t\t<div class=\"elementor-widget-container\">\n\t\t\t\t\t\t\t<div class=\"elementor-spacer\">\n\t\t\t<div class=\"elementor-spacer-inner\"><\/div>\n\t\t<\/div>\n\t\t\t\t\t\t<\/div>\n\t\t\t\t<\/div>\n\t\t\t\t\t<\/div>\n\t\t<\/div>\n\t\t\t\t\t<\/div>\n\t\t<\/section>\n\t\t\t\t<section class=\"elementor-section elementor-top-section elementor-element elementor-element-0a275fd elementor-section-boxed elementor-section-height-default elementor-section-height-default\" data-id=\"0a275fd\" data-element_type=\"section\">\n\t\t\t\t\t\t<div class=\"elementor-container elementor-column-gap-default\">\n\t\t\t\t\t<div class=\"elementor-column elementor-col-100 elementor-top-column elementor-element elementor-element-ab0763c\" data-id=\"ab0763c\" data-element_type=\"column\">\n\t\t\t<div class=\"elementor-widget-wrap elementor-element-populated\">\n\t\t\t\t\t\t<div class=\"elementor-element elementor-element-1e58ee2 elementor-widget elementor-widget-video\" data-id=\"1e58ee2\" data-element_type=\"widget\" data-settings=\"{&quot;video_type&quot;:&quot;hosted&quot;,&quot;controls&quot;:&quot;yes&quot;}\" data-widget_type=\"video.default\">\n\t\t\t\t<div class=\"elementor-widget-container\">\n\t\t\t\t\t\t\t<div class=\"e-hosted-video elementor-wrapper elementor-open-inline\">\n\t\t\t\t\t<video class=\"elementor-video\" src=\"https:\/\/gyermeksebeszet.hu\/wp-content\/uploads\/2025\/01\/Gyermeksebeszeti-a-DE-Klinikai-Kozpontban.mp4\" controls=\"\" preload=\"metadata\" controlslist=\"nodownload\"><\/video>\n\t\t\t\t<\/div>\n\t\t\t\t\t\t<\/div>\n\t\t\t\t<\/div>\n\t\t\t\t\t<\/div>\n\t\t<\/div>\n\t\t\t\t\t<\/div>\n\t\t<\/section>\n\t\t\t\t<section class=\"elementor-section elementor-top-section elementor-element elementor-element-5fd507c elementor-section-boxed elementor-section-height-default elementor-section-height-default\" data-id=\"5fd507c\" data-element_type=\"section\">\n\t\t\t\t\t\t<div class=\"elementor-container elementor-column-gap-default\">\n\t\t\t\t\t<div class=\"elementor-column elementor-col-100 elementor-top-column elementor-element elementor-element-e33ee2d\" data-id=\"e33ee2d\" data-element_type=\"column\">\n\t\t\t<div class=\"elementor-widget-wrap elementor-element-populated\">\n\t\t\t\t\t\t<div class=\"elementor-element elementor-element-862a44e elementor-widget elementor-widget-text-editor\" data-id=\"862a44e\" data-element_type=\"widget\" data-widget_type=\"text-editor.default\">\n\t\t\t\t<div class=\"elementor-widget-container\">\n\t\t\t\t\t\t\t\t\t<p><strong><span style=\"text-decoration: underline;\">Forr\u00e1s:<\/span> <a href=\"https:\/\/klinikaikozpont.unideb.hu\/\" target=\"_blank\" rel=\"noopener\">Debreceni Egyetem Klinikai K\u00f6zpont<\/a><\/strong><\/p>\t\t\t\t\t\t\t\t<\/div>\n\t\t\t\t<\/div>\n\t\t\t\t\t<\/div>\n\t\t<\/div>\n\t\t\t\t\t<\/div>\n\t\t<\/section>\n\t\t\t\t<section class=\"elementor-section elementor-top-section elementor-element elementor-element-a6e62b3 elementor-section-boxed elementor-section-height-default elementor-section-height-default\" data-id=\"a6e62b3\" data-element_type=\"section\">\n\t\t\t\t\t\t<div class=\"elementor-container elementor-column-gap-default\">\n\t\t\t\t\t<div class=\"elementor-column elementor-col-50 elementor-top-column elementor-element elementor-element-98d8147\" data-id=\"98d8147\" data-element_type=\"column\">\n\t\t\t<div class=\"elementor-widget-wrap elementor-element-populated\">\n\t\t\t\t\t\t<div class=\"elementor-element elementor-element-04d4f50 elementor-widget elementor-widget-spacer\" data-id=\"04d4f50\" data-element_type=\"widget\" data-widget_type=\"spacer.default\">\n\t\t\t\t<div class=\"elementor-widget-container\">\n\t\t\t\t\t\t\t<div class=\"elementor-spacer\">\n\t\t\t<div class=\"elementor-spacer-inner\"><\/div>\n\t\t<\/div>\n\t\t\t\t\t\t<\/div>\n\t\t\t\t<\/div>\n\t\t\t\t<div class=\"elementor-element elementor-element-b915098 elementor-widget elementor-widget-heading\" data-id=\"b915098\" data-element_type=\"widget\" data-widget_type=\"heading.default\">\n\t\t\t\t<div class=\"elementor-widget-container\">\n\t\t\t\t\t<h3 class=\"elementor-heading-title elementor-size-default\">\" A gyermek a legnagyobb kincs\u00fcnk! \"<\/h3>\t\t\t\t<\/div>\n\t\t\t\t<\/div>\n\t\t\t\t<div class=\"elementor-element elementor-element-fa50171 elementor-widget elementor-widget-heading\" data-id=\"fa50171\" data-element_type=\"widget\" data-widget_type=\"heading.default\">\n\t\t\t\t<div class=\"elementor-widget-container\">\n\t\t\t\t\t<h4 class=\"elementor-heading-title elementor-size-default\">Dr. L\u00e1szl\u00f3 Sasi Szab\u00f3<br>Gyermekseb\u00e9szet<\/h4>\t\t\t\t<\/div>\n\t\t\t\t<\/div>\n\t\t\t\t\t<\/div>\n\t\t<\/div>\n\t\t\t\t<div class=\"elementor-column elementor-col-50 elementor-top-column elementor-element elementor-element-4d70ad2\" data-id=\"4d70ad2\" data-element_type=\"column\">\n\t\t\t<div class=\"elementor-widget-wrap elementor-element-populated\">\n\t\t\t\t\t\t<div class=\"elementor-element elementor-element-1e66424 elementor-widget elementor-widget-image\" data-id=\"1e66424\" data-element_type=\"widget\" data-widget_type=\"image.default\">\n\t\t\t\t<div class=\"elementor-widget-container\">\n\t\t\t\t\t\t\t\t\t\t\t\t\t\t\t<img fetchpriority=\"high\" decoding=\"async\" width=\"700\" height=\"467\" src=\"https:\/\/gyermeksebeszet.hu\/wp-content\/uploads\/2025\/01\/gyermeksebeszet.webp\" class=\"attachment-large size-large wp-image-1020\" alt=\"Gyermekseb\u00e9szet\" srcset=\"https:\/\/gyermeksebeszet.hu\/wp-content\/uploads\/2025\/01\/gyermeksebeszet.webp 700w, https:\/\/gyermeksebeszet.hu\/wp-content\/uploads\/2025\/01\/gyermeksebeszet-18x12.webp 18w\" sizes=\"(max-width: 700px) 100vw, 700px\" \/>\t\t\t\t\t\t\t\t\t\t\t\t\t\t\t<\/div>\n\t\t\t\t<\/div>\n\t\t\t\t\t<\/div>\n\t\t<\/div>\n\t\t\t\t\t<\/div>\n\t\t<\/section>\n\t\t\t\t<\/div>","protected":false},"excerpt":{"rendered":"<p>Szak\u00e9rt\u0151 gyermekseb\u00e9szk\u00e9nt gondoskod\u00f3 \u00e9s biztons\u00e1gos ell\u00e1t\u00e1st ny\u00fajtok minden kis p\u00e1ciens sz\u00e1m\u00e1ra. Korszer\u0171 \u00e9s gyermekbar\u00e1t ell\u00e1t\u00e1s.  <\/p>","protected":false},"author":1,"featured_media":0,"parent":0,"menu_order":0,"comment_status":"closed","ping_status":"closed","template":"","meta":{"footnotes":""},"class_list":["post-12","page","type-page","status-publish","hentry"],"_links":{"self":[{"href":"https:\/\/gyermeksebeszet.hu\/en\/wp-json\/wp\/v2\/pages\/12","targetHints":{"allow":["GET"]}}],"collection":[{"href":"https:\/\/gyermeksebeszet.hu\/en\/wp-json\/wp\/v2\/pages"}],"about":[{"href":"https:\/\/gyermeksebeszet.hu\/en\/wp-json\/wp\/v2\/types\/page"}],"author":[{"embeddable":true,"href":"https:\/\/gyermeksebeszet.hu\/en\/wp-json\/wp\/v2\/users\/1"}],"replies":[{"embeddable":true,"href":"https:\/\/gyermeksebeszet.hu\/en\/wp-json\/wp\/v2\/comments?post=12"}],"version-history":[{"count":109,"href":"https:\/\/gyermeksebeszet.hu\/en\/wp-json\/wp\/v2\/pages\/12\/revisions"}],"predecessor-version":[{"id":1052,"href":"https:\/\/gyermeksebeszet.hu\/en\/wp-json\/wp\/v2\/pages\/12\/revisions\/1052"}],"wp:attachment":[{"href":"https:\/\/gyermeksebeszet.hu\/en\/wp-json\/wp\/v2\/media?parent=12"}],"curies":[{"name":"wp","href":"https:\/\/api.w.org\/{rel}","templated":true}]}}